{"id":34,"date":"2012-05-22T20:45:12","date_gmt":"2012-05-23T00:45:12","guid":{"rendered":"http:\/\/aliquando.id-3.net\/?page_id=34"},"modified":"2021-06-07T16:01:25","modified_gmt":"2021-06-07T20:01:25","slug":"me-contacter","status":"publish","type":"page","link":"https:\/\/chamsibensaid.com\/en\/me-contacter\/","title":{"rendered":"Contact"},"content":{"rendered":"<p><br \/>\n<\/p>","protected":false},"excerpt":{"rendered":"","protected":false},"author":1,"featured_media":0,"parent":0,"menu_order":50,"comment_status":"open","ping_status":"closed","template":"t_contact.php","meta":{"_acf_changed":false,"footnotes":""},"class_list":["post-34","page","type-page","status-publish","hentry"],"acf":[],"yoast_head":"<!-- This site is optimized with the Yoast SEO plugin v26.7 - https:\/\/yoast.com\/wordpress\/plugins\/seo\/ -->\n<title>Courtier immobilier Repentigny, Lachenaie | Chamsi Bensaid<\/title>\n<meta name=\"description\" content=\"Pour joindre Chamsi Bensaid au bureau, voici ses coordonn\u00e9es : 1555 boul. de l&#039;Avenir #100 Laval H7S 2N5 T\u00e9l\u00e9phone : 514-293-5554.\" \/>\n<meta name=\"robots\" content=\"index, follow, max-snippet:-1, max-image-preview:large, max-video-preview:-1\" \/>\n<link rel=\"canonical\" href=\"https:\/\/chamsibensaid.com\/me-contacter\/\" \/>\n<meta property=\"og:locale\" content=\"en_US\" \/>\n<meta property=\"og:type\" content=\"article\" \/>\n<meta property=\"og:title\" content=\"Courtier immobilier Repentigny, Lachenaie | Chamsi Bensaid\" \/>\n<meta property=\"og:description\" content=\"Pour joindre Chamsi Bensaid au bureau, voici ses coordonn\u00e9es : 1555 boul. de l&#039;Avenir #100 Laval H7S 2N5 T\u00e9l\u00e9phone : 514-293-5554.\" \/>\n<meta property=\"og:url\" content=\"https:\/\/chamsibensaid.com\/me-contacter\/\" \/>\n<meta property=\"og:site_name\" content=\"Chamsi Bensaid\" \/>\n<meta property=\"article:publisher\" content=\"https:\/\/www.facebook.com\/ChamsiBensaidCourtier\/\" \/>\n<meta property=\"article:modified_time\" content=\"2021-06-07T20:01:25+00:00\" \/>\n<meta property=\"og:image\" content=\"https:\/\/chamsibensaid.com\/files\/2024\/08\/header_kamelo20240730.jpg\" \/>\n<meta name=\"twitter:card\" content=\"summary_large_image\" \/>\n<meta name=\"twitter:image\" content=\"https:\/\/chamsibensaid.com\/files\/2024\/08\/header_kamelo20240730.jpg\" \/>\n<meta name=\"twitter:site\" content=\"@BensaidChamsi\" \/>\n<script type=\"application\/ld+json\" class=\"yoast-schema-graph\">{\"@context\":\"https:\/\/schema.org\",\"@graph\":[{\"@type\":\"WebPage\",\"@id\":\"https:\/\/chamsibensaid.com\/me-contacter\/\",\"url\":\"https:\/\/chamsibensaid.com\/me-contacter\/\",\"name\":\"Courtier immobilier Repentigny, Lachenaie | Chamsi Bensaid\",\"isPartOf\":{\"@id\":\"https:\/\/chamsibensaid.com\/#website\"},\"datePublished\":\"2012-05-23T00:45:12+00:00\",\"dateModified\":\"2021-06-07T20:01:25+00:00\",\"description\":\"Pour joindre Chamsi Bensaid au bureau, voici ses coordonn\u00e9es : 1555 boul. de l'Avenir #100 Laval H7S 2N5 T\u00e9l\u00e9phone : 514-293-5554.\",\"breadcrumb\":{\"@id\":\"https:\/\/chamsibensaid.com\/me-contacter\/#breadcrumb\"},\"inLanguage\":\"en-US\",\"potentialAction\":[{\"@type\":\"ReadAction\",\"target\":[\"https:\/\/chamsibensaid.com\/me-contacter\/\"]}]},{\"@type\":\"BreadcrumbList\",\"@id\":\"https:\/\/chamsibensaid.com\/me-contacter\/#breadcrumb\",\"itemListElement\":[{\"@type\":\"ListItem\",\"position\":1,\"name\":\"Accueil\",\"item\":\"https:\/\/chamsibensaid.com\/\"},{\"@type\":\"ListItem\",\"position\":2,\"name\":\"Contact\"}]},{\"@type\":\"WebSite\",\"@id\":\"https:\/\/chamsibensaid.com\/#website\",\"url\":\"https:\/\/chamsibensaid.com\/\",\"name\":\"Chamsi Bensaid\",\"description\":\"Real Estate Broker\",\"publisher\":{\"@id\":\"https:\/\/chamsibensaid.com\/#organization\"},\"potentialAction\":[{\"@type\":\"SearchAction\",\"target\":{\"@type\":\"EntryPoint\",\"urlTemplate\":\"https:\/\/chamsibensaid.com\/?s={search_term_string}\"},\"query-input\":{\"@type\":\"PropertyValueSpecification\",\"valueRequired\":true,\"valueName\":\"search_term_string\"}}],\"inLanguage\":\"en-US\"},{\"@type\":\"Organization\",\"@id\":\"https:\/\/chamsibensaid.com\/#organization\",\"name\":\"Chamsi Bensaid\",\"url\":\"https:\/\/chamsibensaid.com\/\",\"logo\":{\"@type\":\"ImageObject\",\"inLanguage\":\"en-US\",\"@id\":\"https:\/\/chamsibensaid.com\/#\/schema\/logo\/image\/\",\"url\":\"https:\/\/chamsibensaid.com\/files\/2024\/08\/header_kamelo20240730.jpg\",\"contentUrl\":\"https:\/\/chamsibensaid.com\/files\/2024\/08\/header_kamelo20240730.jpg\",\"width\":600,\"height\":314,\"caption\":\"Chamsi Bensaid\"},\"image\":{\"@id\":\"https:\/\/chamsibensaid.com\/#\/schema\/logo\/image\/\"},\"sameAs\":[\"https:\/\/www.facebook.com\/ChamsiBensaidCourtier\/\",\"https:\/\/x.com\/BensaidChamsi\",\"https:\/\/www.instagram.com\/chamsibensaid\/?hl=fr-ca\",\"https:\/\/www.linkedin.com\/in\/chamsi-bensaid-b1a89435\/\"]}]}<\/script>\n<!-- \/ Yoast SEO plugin. -->","yoast_head_json":{"title":"Courtier immobilier Repentigny, Lachenaie | Chamsi Bensaid","description":"Pour joindre Chamsi Bensaid au bureau, voici ses coordonn\u00e9es : 1555 boul. de l'Avenir #100 Laval H7S 2N5 T\u00e9l\u00e9phone : 514-293-5554.","robots":{"index":"index","follow":"follow","max-snippet":"max-snippet:-1","max-image-preview":"max-image-preview:large","max-video-preview":"max-video-preview:-1"},"canonical":"https:\/\/chamsibensaid.com\/me-contacter\/","og_locale":"en_US","og_type":"article","og_title":"Courtier immobilier Repentigny, Lachenaie | Chamsi Bensaid","og_description":"Pour joindre Chamsi Bensaid au bureau, voici ses coordonn\u00e9es : 1555 boul. de l'Avenir #100 Laval H7S 2N5 T\u00e9l\u00e9phone : 514-293-5554.","og_url":"https:\/\/chamsibensaid.com\/me-contacter\/","og_site_name":"Chamsi Bensaid","article_publisher":"https:\/\/www.facebook.com\/ChamsiBensaidCourtier\/","article_modified_time":"2021-06-07T20:01:25+00:00","og_image":[{"url":"https:\/\/chamsibensaid.com\/files\/2024\/08\/header_kamelo20240730.jpg","type":"","width":"","height":""}],"twitter_card":"summary_large_image","twitter_image":"https:\/\/chamsibensaid.com\/files\/2024\/08\/header_kamelo20240730.jpg","twitter_site":"@BensaidChamsi","schema":{"@context":"https:\/\/schema.org","@graph":[{"@type":"WebPage","@id":"https:\/\/chamsibensaid.com\/me-contacter\/","url":"https:\/\/chamsibensaid.com\/me-contacter\/","name":"Courtier immobilier Repentigny, Lachenaie | Chamsi Bensaid","isPartOf":{"@id":"https:\/\/chamsibensaid.com\/#website"},"datePublished":"2012-05-23T00:45:12+00:00","dateModified":"2021-06-07T20:01:25+00:00","description":"Pour joindre Chamsi Bensaid au bureau, voici ses coordonn\u00e9es : 1555 boul. de l'Avenir #100 Laval H7S 2N5 T\u00e9l\u00e9phone : 514-293-5554.","breadcrumb":{"@id":"https:\/\/chamsibensaid.com\/me-contacter\/#breadcrumb"},"inLanguage":"en-US","potentialAction":[{"@type":"ReadAction","target":["https:\/\/chamsibensaid.com\/me-contacter\/"]}]},{"@type":"BreadcrumbList","@id":"https:\/\/chamsibensaid.com\/me-contacter\/#breadcrumb","itemListElement":[{"@type":"ListItem","position":1,"name":"Accueil","item":"https:\/\/chamsibensaid.com\/"},{"@type":"ListItem","position":2,"name":"Contact"}]},{"@type":"WebSite","@id":"https:\/\/chamsibensaid.com\/#website","url":"https:\/\/chamsibensaid.com\/","name":"Chamsi Bensaid","description":"Real Estate Broker","publisher":{"@id":"https:\/\/chamsibensaid.com\/#organization"},"potentialAction":[{"@type":"SearchAction","target":{"@type":"EntryPoint","urlTemplate":"https:\/\/chamsibensaid.com\/?s={search_term_string}"},"query-input":{"@type":"PropertyValueSpecification","valueRequired":true,"valueName":"search_term_string"}}],"inLanguage":"en-US"},{"@type":"Organization","@id":"https:\/\/chamsibensaid.com\/#organization","name":"Chamsi Bensaid","url":"https:\/\/chamsibensaid.com\/","logo":{"@type":"ImageObject","inLanguage":"en-US","@id":"https:\/\/chamsibensaid.com\/#\/schema\/logo\/image\/","url":"https:\/\/chamsibensaid.com\/files\/2024\/08\/header_kamelo20240730.jpg","contentUrl":"https:\/\/chamsibensaid.com\/files\/2024\/08\/header_kamelo20240730.jpg","width":600,"height":314,"caption":"Chamsi Bensaid"},"image":{"@id":"https:\/\/chamsibensaid.com\/#\/schema\/logo\/image\/"},"sameAs":["https:\/\/www.facebook.com\/ChamsiBensaidCourtier\/","https:\/\/x.com\/BensaidChamsi","https:\/\/www.instagram.com\/chamsibensaid\/?hl=fr-ca","https:\/\/www.linkedin.com\/in\/chamsi-bensaid-b1a89435\/"]}]}},"_links":{"self":[{"href":"https:\/\/chamsibensaid.com\/en\/wp-json\/wp\/v2\/pages\/34","targetHints":{"allow":["GET"]}}],"collection":[{"href":"https:\/\/chamsibensaid.com\/en\/wp-json\/wp\/v2\/pages"}],"about":[{"href":"https:\/\/chamsibensaid.com\/en\/wp-json\/wp\/v2\/types\/page"}],"author":[{"embeddable":true,"href":"https:\/\/chamsibensaid.com\/en\/wp-json\/wp\/v2\/users\/1"}],"replies":[{"embeddable":true,"href":"https:\/\/chamsibensaid.com\/en\/wp-json\/wp\/v2\/comments?post=34"}],"version-history":[{"count":3,"href":"https:\/\/chamsibensaid.com\/en\/wp-json\/wp\/v2\/pages\/34\/revisions"}],"predecessor-version":[{"id":1127,"href":"https:\/\/chamsibensaid.com\/en\/wp-json\/wp\/v2\/pages\/34\/revisions\/1127"}],"wp:attachment":[{"href":"https:\/\/chamsibensaid.com\/en\/wp-json\/wp\/v2\/media?parent=34"}],"curies":[{"name":"wp","href":"https:\/\/api.w.org\/{rel}","templated":true}]}}